{"id":1048,"date":"2026-02-11T11:38:28","date_gmt":"2026-02-11T11:38:28","guid":{"rendered":"https:\/\/digicare-project.eu\/politica-de-privacidad"},"modified":"2026-02-18T09:43:27","modified_gmt":"2026-02-18T09:43:27","slug":"politica-de-privacidad","status":"publish","type":"page","link":"https:\/\/digicare-project.eu\/es\/politica-de-privacidad","title":{"rendered":"Pol\u00edtica de Privacidad"},"content":{"rendered":"\t\t<div data-elementor-type=\"wp-page\" data-elementor-id=\"1048\" class=\"elementor elementor-1048 elementor-621\" data-elementor-post-type=\"page\">\n\t\t\t\t<div data-dce-background-color=\"#24C2D7\" class=\"elementor-element elementor-element-3278d04 e-flex e-con-boxed e-con e-parent\" data-id=\"3278d04\" data-element_type=\"container\" data-e-type=\"container\" data-settings=\"{&quot;background_background&quot;:&quot;gradient&quot;,&quot;shape_divider_bottom&quot;:&quot;curve&quot;}\">\n\t\t\t\t\t<div class=\"e-con-inner\">\n\t\t\t\t<div class=\"elementor-shape elementor-shape-bottom\" aria-hidden=\"true\" data-negative=\"false\">\n\t\t\t<svg xmlns=\"http:\/\/www.w3.org\/2000\/svg\" viewBox=\"0 0 1000 100\" preserveAspectRatio=\"none\">\n    <path class=\"elementor-shape-fill\" d=\"M1000,4.3V0H0v4.3C0.9,23.1,126.7,99.2,500,100S1000,22.7,1000,4.3z\"\/>\n<\/svg>\t\t<\/div>\n\t\t\t\t\t<\/div>\n\t\t\t\t<\/div>\n\t\t<div class=\"elementor-element elementor-element-f6edaa1 e-flex e-con-boxed e-con e-parent\" data-id=\"f6edaa1\" data-element_type=\"container\" data-e-type=\"container\">\n\t\t\t\t\t<div class=\"e-con-inner\">\n\t\t\t\t<div class=\"elementor-element elementor-element-d38e52f elementor-widget elementor-widget-text-editor\" data-id=\"d38e52f\" data-element_type=\"widget\" data-e-type=\"widget\" data-widget_type=\"text-editor.default\">\n\t\t\t\t\t\t\t\t\t<p>En <b>DIGICARE <\/b>nos tomamos muy en serio la protecci\u00f3n de sus datos personales. Nuestro prop\u00f3sito es proteger la privacidad de los datos que nos proporciona y cumplir con la normativa vigente en materia de protecci\u00f3n de datos personales. <\/p><p>En cumplimiento de la Ley 3\/2018, de 5 de diciembre, de Protecci\u00f3n de Datos Personales y Garant\u00eda de los Derechos Digitales que transpone el Reglamento (UE) 2016\/679, le informamos de la siguiente informaci\u00f3n sobre nuestra pol\u00edtica de privacidad y protecci\u00f3n de datos:<\/p>\t\t\t\t\t\t\t\t<\/div>\n\t\t\t\t<div class=\"elementor-element elementor-element-bcb37f8 elementor-widget elementor-widget-heading\" data-id=\"bcb37f8\" data-element_type=\"widget\" data-e-type=\"widget\" data-widget_type=\"heading.default\">\n\t\t\t\t\t<h3 class=\"elementor-heading-title elementor-size-default\">\u00bfQui\u00e9n es el responsable del tratamiento de sus datos?<\/h3>\t\t\t\t<\/div>\n\t\t\t\t<div class=\"elementor-element elementor-element-17afbd1 elementor-widget elementor-widget-text-editor\" data-id=\"17afbd1\" data-element_type=\"widget\" data-e-type=\"widget\" data-widget_type=\"text-editor.default\">\n\t\t\t\t\t\t\t\t\t<p>La organizaci\u00f3n responsable de sus datos es <strong>AMANDLA gGmbH<\/strong>. Se trata de una organizaci\u00f3n sin \u00e1nimo de lucro con sede en Berl\u00edn, Alemania. <\/p>\t\t\t\t\t\t\t\t<\/div>\n\t\t<div class=\"elementor-element elementor-element-17d2069 e-con-full e-flex e-con e-child\" data-id=\"17d2069\" data-element_type=\"container\" data-e-type=\"container\">\n\t\t<div class=\"elementor-element elementor-element-e9d614d e-con-full e-flex e-con e-child\" data-id=\"e9d614d\" data-element_type=\"container\" data-e-type=\"container\" data-settings=\"{&quot;background_background&quot;:&quot;classic&quot;}\">\n\t\t\t\t<div class=\"elementor-element elementor-element-afbac7b elementor-widget__width-initial elementor-widget elementor-widget-heading\" data-id=\"afbac7b\" data-element_type=\"widget\" data-e-type=\"widget\" data-widget_type=\"heading.default\">\n\t\t\t\t\t<div class=\"elementor-heading-title elementor-size-default\">Direcci\u00f3n<\/div>\t\t\t\t<\/div>\n\t\t\t\t<div class=\"elementor-element elementor-element-6527c30 elementor-widget__width-initial elementor-widget elementor-widget-heading\" data-id=\"6527c30\" data-element_type=\"widget\" data-e-type=\"widget\" data-widget_type=\"heading.default\">\n\t\t\t\t\t<div class=\"elementor-heading-title elementor-size-default\">Reinickendorfer Str 67, 13347 Berl\u00edn<\/div>\t\t\t\t<\/div>\n\t\t\t\t<\/div>\n\t\t<div class=\"elementor-element elementor-element-23e79c9 e-con-full e-flex e-con e-child\" data-id=\"23e79c9\" data-element_type=\"container\" data-e-type=\"container\">\n\t\t\t\t<div class=\"elementor-element elementor-element-0e1c0c6 elementor-widget__width-initial elementor-widget elementor-widget-heading\" data-id=\"0e1c0c6\" data-element_type=\"widget\" data-e-type=\"widget\" data-widget_type=\"heading.default\">\n\t\t\t\t\t<div class=\"elementor-heading-title elementor-size-default\">Correo electr\u00f3nico<\/div>\t\t\t\t<\/div>\n\t\t\t\t<div class=\"elementor-element elementor-element-13dbdbb elementor-widget__width-initial elementor-widget elementor-widget-heading\" data-id=\"13dbdbb\" data-element_type=\"widget\" data-e-type=\"widget\" data-widget_type=\"heading.default\">\n\t\t\t\t\t<div class=\"elementor-heading-title elementor-size-default\"><a href=\"mailto:kontakt@safe-hub.berlin\">kontakt@safe-hub.berlin<\/a><\/div>\t\t\t\t<\/div>\n\t\t\t\t<\/div>\n\t\t<div class=\"elementor-element elementor-element-259ae7b e-con-full e-flex e-con e-child\" data-id=\"259ae7b\" data-element_type=\"container\" data-e-type=\"container\" data-settings=\"{&quot;background_background&quot;:&quot;classic&quot;}\">\n\t\t\t\t<div class=\"elementor-element elementor-element-893664a elementor-widget__width-initial elementor-widget elementor-widget-heading\" data-id=\"893664a\" data-element_type=\"widget\" data-e-type=\"widget\" data-widget_type=\"heading.default\">\n\t\t\t\t\t<div class=\"elementor-heading-title elementor-size-default\">Tel\u00e9fono<\/div>\t\t\t\t<\/div>\n\t\t\t\t<div class=\"elementor-element elementor-element-e5786af elementor-widget__width-initial elementor-widget elementor-widget-heading\" data-id=\"e5786af\" data-element_type=\"widget\" data-e-type=\"widget\" data-widget_type=\"heading.default\">\n\t\t\t\t\t<div class=\"elementor-heading-title elementor-size-default\">+49 30 2353 8813<\/div>\t\t\t\t<\/div>\n\t\t\t\t<\/div>\n\t\t\t\t<\/div>\n\t\t\t\t<div class=\"elementor-element elementor-element-b11b3c7 elementor-widget elementor-widget-heading\" data-id=\"b11b3c7\" data-element_type=\"widget\" data-e-type=\"widget\" data-widget_type=\"heading.default\">\n\t\t\t\t\t<h3 class=\"elementor-heading-title elementor-size-default\">\u00bfCu\u00e1l es la finalidad del tratamiento?<\/h3>\t\t\t\t<\/div>\n\t\t\t\t<div class=\"elementor-element elementor-element-3337475 elementor-widget elementor-widget-text-editor\" data-id=\"3337475\" data-element_type=\"widget\" data-e-type=\"widget\" data-widget_type=\"text-editor.default\">\n\t\t\t\t\t\t\t\t\t<ul><li style=\"font-weight: 400;\" aria-level=\"1\"><span style=\"font-weight: 400;\">Responder a las peticiones, quejas e incidencias trasladadas a trav\u00e9s de nuestros canales de contacto incorporados en la web.<\/span><\/li><li style=\"font-weight: 400;\" aria-level=\"1\"><span style=\"font-weight: 400;\">Conocer el comportamiento del navegante dentro de la web para detectar posibles ataques inform\u00e1ticos a nuestra web.<\/span><\/li><li style=\"font-weight: 400;\" aria-level=\"1\"><span style=\"font-weight: 400;\">Cumplir con las obligaciones legales que nos son directamente aplicables y que regulan nuestra actividad.<\/span><\/li><li style=\"font-weight: 400;\" aria-level=\"1\"><span style=\"font-weight: 400;\">Proteger y ejercer nuestros derechos o responder a reclamaciones de cualquier tipo.<\/span><\/li><li style=\"font-weight: 400;\" aria-level=\"1\"><span style=\"font-weight: 400;\">Env\u00edo de boletines informativos sobre los bienes o servicios que conforman la actividad del responsable o noticias relacionadas con su actividad.<\/span><\/li><\/ul>\t\t\t\t\t\t\t\t<\/div>\n\t\t\t\t<div class=\"elementor-element elementor-element-f934cb7 elementor-widget elementor-widget-heading\" data-id=\"f934cb7\" data-element_type=\"widget\" data-e-type=\"widget\" data-widget_type=\"heading.default\">\n\t\t\t\t\t<h3 class=\"elementor-heading-title elementor-size-default\">\u00bfCu\u00e1l es la base legal para el tratamiento de sus datos?<\/h3>\t\t\t\t<\/div>\n\t\t\t\t<div class=\"elementor-element elementor-element-7cdf482 elementor-widget elementor-widget-text-editor\" data-id=\"7cdf482\" data-element_type=\"widget\" data-e-type=\"widget\" data-widget_type=\"text-editor.default\">\n\t\t\t\t\t\t\t\t\t<p>La base legal para el tratamiento de sus datos es el consentimiento del interesado seg\u00fan el art\u00edculo 6.1 a) del Reglamento, as\u00ed como el inter\u00e9s leg\u00edtimo del responsable del tratamiento seg\u00fan el art\u00edculo 6.1 f) del Reglamento.<\/p><p>Los datos que le solicitamos son los adecuados, pertinentes y estrictamente necesarios y en ning\u00fan caso est\u00e1 obligado a facilit\u00e1rnoslos, pero su no comunicaci\u00f3n puede afectar a la finalidad del servicio o a la imposibilidad de prestarlo.<\/p>\t\t\t\t\t\t\t\t<\/div>\n\t\t\t\t<div class=\"elementor-element elementor-element-2c39ae0 elementor-widget elementor-widget-heading\" data-id=\"2c39ae0\" data-element_type=\"widget\" data-e-type=\"widget\" data-widget_type=\"heading.default\">\n\t\t\t\t\t<h3 class=\"elementor-heading-title elementor-size-default\">\u00bfDurante cu\u00e1nto tiempo conservamos sus datos?<\/h3>\t\t\t\t<\/div>\n\t\t\t\t<div class=\"elementor-element elementor-element-1e2a848 elementor-widget elementor-widget-text-editor\" data-id=\"1e2a848\" data-element_type=\"widget\" data-e-type=\"widget\" data-widget_type=\"text-editor.default\">\n\t\t\t\t\t\t\t\t\t<p>Sus datos ser\u00e1n conservados durante el tiempo necesario para la correcta prestaci\u00f3n del servicio ofrecido, as\u00ed como para atender las responsabilidades que puedan derivarse del mismo y cualquier otro requerimiento legal.<\/p>\t\t\t\t\t\t\t\t<\/div>\n\t\t\t\t<div class=\"elementor-element elementor-element-2da43f4 elementor-widget elementor-widget-heading\" data-id=\"2da43f4\" data-element_type=\"widget\" data-e-type=\"widget\" data-widget_type=\"heading.default\">\n\t\t\t\t\t<h3 class=\"elementor-heading-title elementor-size-default\">\u00bfQu\u00e9 destinatarios recibir\u00e1n sus datos?<\/h3>\t\t\t\t<\/div>\n\t\t\t\t<div class=\"elementor-element elementor-element-3ccd002 elementor-widget elementor-widget-text-editor\" data-id=\"3ccd002\" data-element_type=\"widget\" data-e-type=\"widget\" data-widget_type=\"text-editor.default\">\n\t\t\t\t\t\t\t\t\t<p>En el curso del tratamiento de sus datos, <strong>AMANDLA gGmbH<\/strong> puede compartir sus datos con:<\/p><p><strong>On Projects Advising SL<\/strong>, como proveedores de servicios de gesti\u00f3n y mantenimiento de la web.<\/p>\t\t\t\t\t\t\t\t<\/div>\n\t\t\t\t<div class=\"elementor-element elementor-element-c3c6d66 elementor-widget elementor-widget-heading\" data-id=\"c3c6d66\" data-element_type=\"widget\" data-e-type=\"widget\" data-widget_type=\"heading.default\">\n\t\t\t\t\t<h3 class=\"elementor-heading-title elementor-size-default\">\u00bfCu\u00e1les son mis derechos?<\/h3>\t\t\t\t<\/div>\n\t\t\t\t<div class=\"elementor-element elementor-element-656a544 elementor-widget elementor-widget-text-editor\" data-id=\"656a544\" data-element_type=\"widget\" data-e-type=\"widget\" data-widget_type=\"text-editor.default\">\n\t\t\t\t\t\t\t\t\t<ul><li>Derecho de acceso: derecho a obtener confirmaci\u00f3n de si se est\u00e1n tratando datos personales, as\u00ed como el derecho de acceso a dichos datos.<\/li><li>Derecho de rectificaci\u00f3n de los datos personales.<\/li><li>Derecho de supresi\u00f3n<\/li><li>Derecho a la limitaci\u00f3n del tratamiento<\/li><li>Derecho a la portabilidad de los datos<\/li><li>Derecho de oposici\u00f3n: derecho a oponerse al tratamiento de los datos.<\/li><\/ul>\t\t\t\t\t\t\t\t<\/div>\n\t\t\t\t<div class=\"elementor-element elementor-element-bb5121d elementor-widget elementor-widget-text-editor\" data-id=\"bb5121d\" data-element_type=\"widget\" data-e-type=\"widget\" data-widget_type=\"text-editor.default\">\n\t\t\t\t\t\t\t\t\t<p>El responsable del tratamiento se conserva el derecho a restringir los derechos establecidos en el art\u00edculo 23 del Reglamento de la UE, si dicha restricci\u00f3n se establece para salvaguardar, en particular, los derechos y libertades fundamentales y es una medida necesaria y proporcionada.<\/p>\t\t\t\t\t\t\t\t<\/div>\n\t\t\t\t<div class=\"elementor-element elementor-element-1a48644 elementor-widget elementor-widget-heading\" data-id=\"1a48644\" data-element_type=\"widget\" data-e-type=\"widget\" data-widget_type=\"heading.default\">\n\t\t\t\t\t<h3 class=\"elementor-heading-title elementor-size-default\">\u00bfD\u00f3nde puedo reclamar?<\/h3>\t\t\t\t<\/div>\n\t\t\t\t<div class=\"elementor-element elementor-element-d5e4db9 elementor-widget elementor-widget-text-editor\" data-id=\"d5e4db9\" data-element_type=\"widget\" data-e-type=\"widget\" data-widget_type=\"text-editor.default\">\n\t\t\t\t\t\t\t\t\t<p>Si alg\u00fan interesado considera que sus datos no est\u00e1n siendo tratados correctamente, puede enviar sus quejas a la siguiente direcci\u00f3n de correo electr\u00f3nico; <a href=\"mailto:kontakt@safe-hub.berlin\">kontakt@safe-hub.berlin<\/a><\/p><p>El interesado declara haber adquirido toda esta informaci\u00f3n.<\/p>\t\t\t\t\t\t\t\t<\/div>\n\t\t\t\t\t<\/div>\n\t\t\t\t<\/div>\n\t\t\t\t<\/div>\n\t\t","protected":false},"excerpt":{"rendered":"<p>En DIGICARE nos tomamos muy en serio la protecci\u00f3n de sus datos personales. Nuestro prop\u00f3sito es proteger la privacidad de los datos que nos proporciona y cumplir con la normativa vigente en materia de protecci\u00f3n de datos personales. En cumplimiento de la Ley 3\/2018, de 5 de diciembre, de Protecci\u00f3n de Datos Personales y Garant\u00eda [&hellip;]<\/p>\n","protected":false},"author":1,"featured_media":0,"parent":0,"menu_order":0,"comment_status":"closed","ping_status":"closed","template":"elementor_header_footer","meta":{"footnotes":""},"class_list":["post-1048","page","type-page","status-publish","hentry"],"_links":{"self":[{"href":"https:\/\/digicare-project.eu\/es\/wp-json\/wp\/v2\/pages\/1048","targetHints":{"allow":["GET"]}}],"collection":[{"href":"https:\/\/digicare-project.eu\/es\/wp-json\/wp\/v2\/pages"}],"about":[{"href":"https:\/\/digicare-project.eu\/es\/wp-json\/wp\/v2\/types\/page"}],"author":[{"embeddable":true,"href":"https:\/\/digicare-project.eu\/es\/wp-json\/wp\/v2\/users\/1"}],"replies":[{"embeddable":true,"href":"https:\/\/digicare-project.eu\/es\/wp-json\/wp\/v2\/comments?post=1048"}],"version-history":[{"count":2,"href":"https:\/\/digicare-project.eu\/es\/wp-json\/wp\/v2\/pages\/1048\/revisions"}],"predecessor-version":[{"id":1165,"href":"https:\/\/digicare-project.eu\/es\/wp-json\/wp\/v2\/pages\/1048\/revisions\/1165"}],"wp:attachment":[{"href":"https:\/\/digicare-project.eu\/es\/wp-json\/wp\/v2\/media?parent=1048"}],"curies":[{"name":"wp","href":"https:\/\/api.w.org\/{rel}","templated":true}]}}